{"id":415,"date":"2024-07-21T16:13:48","date_gmt":"2024-07-21T14:13:48","guid":{"rendered":"https:\/\/melen.ch\/?page_id=415"},"modified":"2024-07-21T21:41:53","modified_gmt":"2024-07-21T19:41:53","slug":"abschlussarbeit-3-sek","status":"publish","type":"page","link":"https:\/\/melen.ch\/?page_id=415","title":{"rendered":"Abschlussarbeit 3. Sek"},"content":{"rendered":"\n<h2 class=\"wp-block-heading\">Abschlussarbeit 3. Sekundarschule<\/h2>\n\n\n\n<p>Als Abschlussarbeit habe ich Bilder der wichtigsten St\u00e4dte meiner USA Wunschreise zusammen mit einer USA Karte digital nachgezeichnet, ausgedruckt und zusammen pr\u00e4sentiert.<br>Ich habe in der 3. Sekundarschule als Freifach &#8222;Digitales Zeichnen&#8220; gew\u00e4hlt, welches mich auch zu diesem Projekt inspiriert hat. <br>Nachfolgend ein paar Bilder der Pr\u00e4sentation sowie ein Video, welches die Entstehung der Arbeit dokumentiert.<\/p>\n\n\n\n<figure class=\"wp-block-gallery has-nested-images columns-default is-cropped wp-block-gallery-1 is-layout-flex wp-block-gallery-is-layout-flex\">\n<figure class=\"wp-block-image size-large\"><img loading=\"lazy\" decoding=\"async\" width=\"1024\" height=\"768\" data-id=\"419\" src=\"https:\/\/melen.ch\/wp-content\/uploads\/2024\/07\/IMG_1538-1024x768.jpeg\" alt=\"\" class=\"wp-image-419\" srcset=\"https:\/\/melen.ch\/wp-content\/uploads\/2024\/07\/IMG_1538-1024x768.jpeg 1024w, https:\/\/melen.ch\/wp-content\/uploads\/2024\/07\/IMG_1538-300x225.jpeg 300w, https:\/\/melen.ch\/wp-content\/uploads\/2024\/07\/IMG_1538-768x576.jpeg 768w, https:\/\/melen.ch\/wp-content\/uploads\/2024\/07\/IMG_1538.jpeg 1280w\" sizes=\"auto, (max-width: 1024px) 100vw, 1024px\" \/><figcaption class=\"wp-element-caption\">3. Sek Abschlussarbeit Pr\u00e4sentation<\/figcaption><\/figure>\n\n\n\n<figure class=\"wp-block-image size-large\"><img loading=\"lazy\" decoding=\"async\" width=\"1024\" height=\"768\" data-id=\"431\" src=\"https:\/\/melen.ch\/wp-content\/uploads\/2024\/07\/f07f3558-31ac-4367-9baa-a73ce491ef1d-1024x768.jpg\" alt=\"\" class=\"wp-image-431\" srcset=\"https:\/\/melen.ch\/wp-content\/uploads\/2024\/07\/f07f3558-31ac-4367-9baa-a73ce491ef1d-1024x768.jpg 1024w, https:\/\/melen.ch\/wp-content\/uploads\/2024\/07\/f07f3558-31ac-4367-9baa-a73ce491ef1d-300x225.jpg 300w, https:\/\/melen.ch\/wp-content\/uploads\/2024\/07\/f07f3558-31ac-4367-9baa-a73ce491ef1d-768x576.jpg 768w, https:\/\/melen.ch\/wp-content\/uploads\/2024\/07\/f07f3558-31ac-4367-9baa-a73ce491ef1d-1536x1152.jpg 1536w, https:\/\/melen.ch\/wp-content\/uploads\/2024\/07\/f07f3558-31ac-4367-9baa-a73ce491ef1d.jpg 2048w\" sizes=\"auto, (max-width: 1024px) 100vw, 1024px\" \/><figcaption class=\"wp-element-caption\">3. Sek Abschlussarbeit Pr\u00e4sentation<\/figcaption><\/figure>\n<\/figure>\n\n\n\n<figure class=\"wp-block-video\"><video height=\"360\" style=\"aspect-ratio: 640 \/ 360;\" width=\"640\" controls src=\"https:\/\/melen.ch\/wp-content\/uploads\/2024\/07\/PU-Amerikanische-Staedte-nachzeichnen-Doku.mov\"><\/video><\/figure>\n","protected":false},"excerpt":{"rendered":"<p>Abschlussarbeit 3. Sekundarschule Als Abschlussarbeit habe ich Bilder der wichtigsten St\u00e4dte meiner USA Wunschreise zusammen mit einer USA Karte digital nachgezeichnet, ausgedruckt und zusammen pr\u00e4sentiert.Ich habe in der 3. Sekundarschule als Freifach &#8222;Digitales Zeichnen&#8220; gew\u00e4hlt, welches mich auch zu diesem Projekt inspiriert hat. Nachfolgend ein paar Bilder der Pr\u00e4sentation sowie ein Video, welches die Entstehung<\/p>\n<div class=\"more-link\">\n\t\t\t\t\t <a href=\"https:\/\/melen.ch\/?page_id=415\" class=\"link-btn theme-btn\"><span>Read More <\/span> <i class=\"fa fa-caret-right\"><\/i><\/a>\n\t\t\t\t<\/div>\n","protected":false},"author":1,"featured_media":0,"parent":180,"menu_order":0,"comment_status":"closed","ping_status":"closed","template":"","meta":{"_mc_calendar":[],"footnotes":""},"class_list":["post-415","page","type-page","status-publish","hentry"],"_links":{"self":[{"href":"https:\/\/melen.ch\/index.php?rest_route=\/wp\/v2\/pages\/415","targetHints":{"allow":["GET"]}}],"collection":[{"href":"https:\/\/melen.ch\/index.php?rest_route=\/wp\/v2\/pages"}],"about":[{"href":"https:\/\/melen.ch\/index.php?rest_route=\/wp\/v2\/types\/page"}],"author":[{"embeddable":true,"href":"https:\/\/melen.ch\/index.php?rest_route=\/wp\/v2\/users\/1"}],"replies":[{"embeddable":true,"href":"https:\/\/melen.ch\/index.php?rest_route=%2Fwp%2Fv2%2Fcomments&post=415"}],"version-history":[{"count":8,"href":"https:\/\/melen.ch\/index.php?rest_route=\/wp\/v2\/pages\/415\/revisions"}],"predecessor-version":[{"id":436,"href":"https:\/\/melen.ch\/index.php?rest_route=\/wp\/v2\/pages\/415\/revisions\/436"}],"up":[{"embeddable":true,"href":"https:\/\/melen.ch\/index.php?rest_route=\/wp\/v2\/pages\/180"}],"wp:attachment":[{"href":"https:\/\/melen.ch\/index.php?rest_route=%2Fwp%2Fv2%2Fmedia&parent=415"}],"curies":[{"name":"wp","href":"https:\/\/api.w.org\/{rel}","templated":true}]}}